{"id":14,"date":"2023-03-14T08:42:56","date_gmt":"2023-03-14T08:42:56","guid":{"rendered":"https:\/\/www.sociallycorrect.it\/website\/?page_id=14"},"modified":"2024-02-12T07:16:03","modified_gmt":"2024-02-12T07:16:03","slug":"lo-statuto","status":"publish","type":"page","link":"https:\/\/www.sociallycorrect.it\/website\/chi-siamo\/lo-statuto\/","title":{"rendered":"Lo statuto"},"content":{"rendered":"\n<div style=\"height:47px\" aria-hidden=\"true\" class=\"wp-block-spacer\"><\/div>\n\n\n\n<h4 class=\"wp-block-heading has-text-align-center has-small-font-size\">Titolo I<\/h4>\n\n\n\n<h2 class=\"wp-block-heading has-text-align-center\"><strong>Disposizioni generali<\/strong><\/h2>\n\n\n\n<p><strong>Art. 1<\/strong> \u2013 E\u2019 costituita un\u2019Associazione culturale denominata \u201cPaolo ETTORRE \u2013 SOCIALLY CORRECT\u201d.<br><strong>Art. 2<\/strong> \u2013 L\u2019Associazione ha sede in Roma, attualmente in Via dei Fienaroli n. 8;<br>Potranno essere istituite sedi secondarie in Italia e all\u2019estero. L\u2019eventuale modifica della sede non comporta una modifica dello statuto.<br><strong>Art. 3<\/strong> \u2013 L\u2019Associazione \u00e8 apolitica e non ha scopo di lucro.<br>L\u2019Associazione costituisce momento di aggregazione, di scambio e di confronto tra privati, Aziende, Enti, Associazioni, Organizzazioni, sia private che pubbliche, al fine di promuovere e diffondere valori culturali nell\u2019ambito del settore della comunicazione e della pubblicit\u00e0.<\/p>\n\n\n\n<p><\/p>\n\n\n\n<p>Essa ha per scopo:<\/p>\n\n\n\n<ul class=\"wp-block-list\">\n<li>stimolare, a tutti i livelli, il corretto utilizzo della comunicazione e dei servizi pubblicitari quale strumento di sviluppo culturale, economico e sociale;<\/li>\n\n\n\n<li>promuovere la crescita della cultura della comunicazione e dei servizi ad essa connessi, anche attivando rapporti con soggetti nazionali ed internazionali, pubblici e privati, che perseguono analoghi obbiettivi;<\/li>\n\n\n\n<li>contribuire all\u2019accrescimento delle competenze professionali degli addetti al settore della comunicazione e della pubblicit\u00e0 e di coloro che intendano inserirvisi, con particolare attenzione alla formazione dei giovani ed alla corretta diffusione delle nuove tecnologie;<\/li>\n\n\n\n<li>la diffusione e la valorizzazione della pubblicit\u00e0 in genere, attraverso la promozione e la diffusione di manifestazioni ed incontri culturali in genere, favorendo al massimo la partecipazione di addetti al settore della pubblicit\u00e0 in generale.<\/li>\n\n\n\n<li><\/li>\n<\/ul>\n\n\n\n<p>Per il raggiungimento di tale scopo, l\u2019Associazione si propone di:<\/p>\n\n\n\n<ol class=\"wp-block-list\">\n<li>promuovere e realizzare, attraverso riunioni, incontri e dibattiti, iniziative dirette a favorire e diffondere, anche tra i non addetti, l\u2019importanza della pubblicit\u00e0 in tutte le sue forme e, in particolar modo quella diretta alla pubblicizzazione di tutte le iniziative aventi scopo sociale;<\/li>\n\n\n\n<li>patrocinare, promuovere, gestire attivit\u00e0 didattiche e, di ricerca;<\/li>\n\n\n\n<li>la promozione e la conduzione di attivit\u00e0 di formazione professionale, manifestazioni ed iniziative con altre associazioni italiane o estere, nonch\u00e8 con pubbliche istituzioni per svolgere attivit\u00e0 comuni;<\/li>\n\n\n\n<li>promuovere e realizzare attivit\u00e0 didattiche di studio e di ricerca, per favorire lo scambio culturale e di valori umani tra i cittadini ed il territorio di ogni continente, nonch\u00e8 promuovere soggiorni all\u2019estero per integrare le conoscenze acquisite;<\/li>\n\n\n\n<li>stipulare convenzioni e\/o ogni altro atto con Enti locali e\/o pubblici poteri, societ\u00e0 e persone fisiche per attivit\u00e0 connesse alle finalit\u00e0 dell\u2019Associazione;<\/li>\n\n\n\n<li>sviluppare ed offrire servizi al settore imprenditoriale e dell\u2019artigianato per favorire le relazioni ed i contatti internazionali tra le imprese;<\/li>\n\n\n\n<li>promuovere ed organizzare congressi, riunioni, mostre, dibattiti, rappresentazioni locali, nazionali ed internazionali;<\/li>\n\n\n\n<li>pubblicare direttamente o tramite altri editori opere, periodici e collaborazioni con mezzi di diffusione quali mostre, radio e televisione.<\/li>\n<\/ol>\n\n\n\n<p>L\u2019Associazione potr\u00e0 compiere ogni operazione che risulti comunque utile o necessaria al perseguimento dello scopo sociale.<\/p>\n\n\n\n<div style=\"height:47px\" aria-hidden=\"true\" class=\"wp-block-spacer\"><\/div>\n\n\n\n<h4 class=\"wp-block-heading has-text-align-center has-small-font-size\">Titolo II<\/h4>\n\n\n\n<h2 class=\"wp-block-heading has-text-align-center\"><strong>I Soci<\/strong><\/h2>\n\n\n\n<p><strong>Art. 4 <\/strong>\u2013 Possono essere soci tutti i cittadini italiani e stranieri, senza distinzioni di razza, religione, et\u00e0 ed appartenenza a partiti politici. Essi sono distinti nelle seguenti categorie:<br>a. Soci Fondatori;<br>b. Soci Ordinari.<br>Soci Fondatori sono coloro che partecipano alla Costituzione legale dell\u2019Associazione, hanno diritto all\u2019elezione del Consiglio Direttivo.<br>Soci Ordinari sono coloro che presentano domanda di ammissione con esito positivo.<br>Gli aspiranti soci di minore et\u00e0 possono essere ammessi in qualit\u00e0 di soci ordinari soltanto con l\u2019assenso di chi ne esercita la patria potest\u00e0 e che in Assemblea eserciter\u00e0 la facolt\u00e0 minore.<br>Soci Onorari sono le persone chiamate a ricevere tale qualifica dal Consiglio Direttivo per loro benemerenza in campo pubbicitario e\/o sociale e\/o culturale.<br>Soci Sostenitori sono le persone, gli Enti, le Organizzazioni che contribuiscono con il loro apporto di attivit\u00e0 tecnica e\/o organizzativa o con elargizioni, al raggiungimento degli scopi sociali.<br>Ogni Socio deve versare all\u2019Associazione:<\/p>\n\n\n\n<ul class=\"wp-block-list\">\n<li>la quota d\u2019iscrizione annuale;<\/li>\n\n\n\n<li>la quota di partecipazione per ogni singola attivit\u00e0 culturale e cui prende parte.<\/li>\n<\/ul>\n\n\n\n<p>L\u2019ammontare delle quote viene deciso ogni anno dal Consiglio Direttivo.<br>Sono esonerati dal versamento delle quote i Soci Fondatori.<br>La qualifica di soci si perde per dimissioni volontarie, per morosit\u00e0 e per espulsione dichiarata dal Consiglio Direttivo per gravi motivi che potrebbero recare danno all\u2019Associazione. Il socio che intenda recedere dall\u2019Associazione deve darne comunicazione con lettera raccomandata tre mesi prima dello scadere del periodo di tempo per il quale \u00e8 associato.<\/p>\n\n\n\n<div style=\"height:47px\" aria-hidden=\"true\" class=\"wp-block-spacer\"><\/div>\n\n\n\n<h4 class=\"wp-block-heading has-text-align-center has-small-font-size\">Titolo III<\/h4>\n\n\n\n<h2 class=\"wp-block-heading has-text-align-center\"><strong>L\u2019assemblea dei Soci<\/strong><\/h2>\n\n\n\n<p><strong>Art. 5<\/strong> \u2013 L\u2019assemblea \u00e8 costituita da tutti i soci e si riunisce una volta l\u2019anno nel primo semestre, previa convocazione del Consiglio Direttivo da effettuarsi non meno di venti giorni prima dell\u2019adunanza, per provvedere e per deliberare sul rendiconto finanziario, sullo stato patrimoniale e su tutti gli altri argomenti di carattere generale iscritti all\u2019ordine del giorno per iniziativa del Consiglio Direttivo. I soci onorari e sostenitori non hanno diritto di voto. Ogni Socio Fondatore e Ordinario ha diritto ad un solo voto e pu\u00f2 essere portatore di una sola delega.<\/p>\n\n\n\n<p><strong>Art. 6<\/strong> \u2013 Per la costituzione legale dell\u2019assemblea e per la validit\u00e0 delle sue deliberazioni \u00e8 necessario l\u2019intervento di tanti soci che rappresentino almeno il cinquanta per cento degli iscritti. Non raggiungendo questo numero di voti, la sessione \u00e8 rimandata a non pi\u00f9 di trenta giorni dalla prima convocazione; nella seconda convocazione l\u2019assemblea \u00e8 valida qualunque sia il numero dei soci presenti o rappresentanti. La data di questa sessione pu\u00f2 essere fissata nello stesso avviso di convocazione della prima.<\/p>\n\n\n\n<p><strong>Art. 7<\/strong> \u2013 L\u2019Assemblea delibera a maggioranza di voti dei soci presenti o rappresentanti mediante regolare delega scritta rilasciata ad altro socio, purch\u00e8 non consigliere.<\/p>\n\n\n\n<p><strong>Art. 8<\/strong> \u2013 Le Assemblee Straordinarie possono essere convocate per deliberazione del consiglio direttivo, oppure per domanda di tanti soci che rappresentino non meno della decima parte degli iscritti.<\/p>\n\n\n\n<div style=\"height:47px\" aria-hidden=\"true\" class=\"wp-block-spacer\"><\/div>\n\n\n\n<h4 class=\"wp-block-heading has-text-align-center has-small-font-size\">Titolo IV<\/h4>\n\n\n\n<h2 class=\"wp-block-heading has-text-align-center\"><strong>Consiglio Direttivo<\/strong><\/h2>\n\n\n\n<p><strong>Art. 9<\/strong> \u2013 Il Consiglio Direttivo \u00e8 costituito dai Soci Fondatori e dai Soci ordinari eletti dall\u2019Assemblea. E\u2019 l\u2019organo collegiale amministrativo e decisionale dell\u2019Associazione e ad esso \u00e8 demandato il compito di:<\/p>\n\n\n\n<ul class=\"wp-block-list\">\n<li>fissare le direttive per l\u2019attuazione dei compiti statutari, stabilire le modalit\u00e0 e le responsabilit\u00e0 di esecuzione e controllare l\u2019esecuzione stessa;<\/li>\n\n\n\n<li>decidere sugli investimenti patrimoniali;<\/li>\n\n\n\n<li>approvare i progetti di bilancio preventivo, rendiconto finanziario e stato patrimoniale, da presentare all\u2019assemblea dei soci;<\/li>\n\n\n\n<li>conferire e revocare procure;<\/li>\n\n\n\n<li>nominare i soci onorari;<\/li>\n\n\n\n<li>decidere sulle ammissioni dei soci ordinari;<\/li>\n\n\n\n<li>nominare il presidente, il vice presidente, il segretario ed il tesoriere tra i suoi membri;<\/li>\n\n\n\n<li>emanare regolamenti per la disciplina dell\u2019attivit\u00e0;<\/li>\n\n\n\n<li>decidere sui termini per dichiarare morosi eventuali soci;<\/li>\n\n\n\n<li>deliberare sui bilanci e sui rendiconti redatti dal segretario;<\/li>\n\n\n\n<li>convocare l\u2019assemblea generale dei soci;<\/li>\n\n\n\n<li>stabilire rapporti di collaborazione con terzi definendone il compenso;<\/li>\n\n\n\n<li>compiere ogni altro atto utile o necessario per lo svolgimento delle attivit\u00e0;<\/li>\n\n\n\n<li>amministrare il patrimonio sociale secondo gli scopi dell\u2019Associazione con il<\/li>\n\n\n\n<li>divieto assoluto di assumere obbligazioni verso terzi per importi eccedenti i fondi disponibili.<\/li>\n<\/ul>\n\n\n\n<p>I membri del Consiglio Direttivo, da tre a cinque, rimangono in carica per cinque anni e si intendono riconfermati se entro la scadenza non vengono revocati nel caso sussista una giusta causa o si proceda a nuove nomine. Le riunioni del Consiglio Direttivo sono valide se \u00e8 presente almeno la met\u00e0 dei suoi componenti e le deliberazioni sono approvate con la maggioranza semplice.<br>Il Consiglio Direttivo si riunisce almeno due volte l\u2019anno.<br>Il Consiglio Direttivo, infine, esercita le funzioni di Assemblea dell\u2019Associazione, per gli effetti di cui agli articoli 20 e seguenti del Codice Civile, sino a quando il numero dei Soci equivale a quelli dei membri del Consiglio Direttivo.<\/p>\n\n\n\n<div style=\"height:47px\" aria-hidden=\"true\" class=\"wp-block-spacer\"><\/div>\n\n\n\n<h4 class=\"wp-block-heading has-text-align-center has-small-font-size\">Titolo V<\/h4>\n\n\n\n<h2 class=\"wp-block-heading has-text-align-center\"><strong>Presidente<\/strong><\/h2>\n\n\n\n<p><strong>Art. 10<\/strong> \u2013 Il Presidente \u00e8 eletto a maggioranza dal Consiglio Direttivo e dura in carica cinque anni ed \u00e8 rieleggibile. Egli rappresenta l\u2019Associazione di fronte a terzi ed intrattiene, a nome dell\u2019Associazione, i rapporti e le relazioni esterne. Egli presiede le riunioni del Consiglio Direttivo e dell\u2019assemblea dei Soci. Il Presidente potr\u00e0 delegare il compimento di singoli atti o di una serie di atti ad un altro componente del Consiglio Direttivo, mediante semplice delega scritta. In caso di assenza del Presidente, l\u2019Associazione \u00e8 rappresentata dal Vice Presidente. Art. <strong>Art. 11<\/strong> \u2013 Il Presidente con cadenza annuale convoca e presiede l\u2019assemblea dei soci e pu\u00f2 svolgere le funzioni di tesoriere in caso di necessit\u00e0.<\/p>\n\n\n\n<div style=\"height:47px\" aria-hidden=\"true\" class=\"wp-block-spacer\"><\/div>\n\n\n\n<h4 class=\"wp-block-heading has-text-align-center has-small-font-size\">Titolo VI<\/h4>\n\n\n\n<h2 class=\"wp-block-heading has-text-align-center\"><strong>Vice Presidente<\/strong><\/h2>\n\n\n\n<p><strong>Art. 12 <\/strong>\u2013 Il Vice Presidente \u00e8 nominato a maggioranza dal Consiglio Direttivo e rimane in carica per cinque anni. Presiede il Consiglio Direttivo e l\u2019assemblea generale dei soci, coordina e dirige l\u2019attivit\u00e0 dell\u2019Associazione in assenza del Presidente e pu\u00f2 svolgere le funzioni di segretario in caso di necessit\u00e0.<\/p>\n\n\n\n<div style=\"height:47px\" aria-hidden=\"true\" class=\"wp-block-spacer\"><\/div>\n\n\n\n<h4 class=\"wp-block-heading has-text-align-center has-small-font-size\">Titolo VII<\/h4>\n\n\n\n<h2 class=\"wp-block-heading has-text-align-center\"><strong>Segretario<\/strong><\/h2>\n\n\n\n<p><strong>Art. 13<\/strong> \u2013 Il Segretario \u00e8 nominato dal Consiglio Direttivo. Svolge tutte le funzioni relative all\u2019organizzazione ed alla gestione amministrativa e tecnica dell\u2019attivit\u00e0 dell\u2019Associazione.<\/p>\n\n\n\n<div style=\"height:47px\" aria-hidden=\"true\" class=\"wp-block-spacer\"><\/div>\n\n\n\n<h4 class=\"wp-block-heading has-text-align-center has-small-font-size\">Titolo VIII<\/h4>\n\n\n\n<h2 class=\"wp-block-heading has-text-align-center\"><strong>Tesoriere<\/strong><\/h2>\n\n\n\n<p><strong>Art. 14 <\/strong>\u2013 Il tesoriere \u00e8 nominato dal Consiglio Direttivo e provvede alla gestione dei fondi dell\u2019Associazione.<\/p>\n\n\n\n<div style=\"height:47px\" aria-hidden=\"true\" class=\"wp-block-spacer\"><\/div>\n\n\n\n<h4 class=\"wp-block-heading has-text-align-center has-small-font-size\">Titolo IX<\/h4>\n\n\n\n<h2 class=\"wp-block-heading has-text-align-center\"><strong>Quote Sociali<\/strong><\/h2>\n\n\n\n<p><strong>Art. 15<\/strong> \u2013 Si prevede la non trasmissibilit\u00e0 della quota o tributo associativo, salvo quelli conseguenti alla morte del partecipante, nonch\u00e8 il divieto di rivalutazione della medesima.<\/p>\n\n\n\n<div style=\"height:47px\" aria-hidden=\"true\" class=\"wp-block-spacer\"><\/div>\n\n\n\n<h4 class=\"wp-block-heading has-text-align-center has-small-font-size\">Titolo X<\/h4>\n\n\n\n<h2 class=\"wp-block-heading has-text-align-center\"><strong>Patrimonio<\/strong><\/h2>\n\n\n\n<p><strong>Art. 16<\/strong> \u2013 Le entrare dell\u2019Associazione sono costituite da:<\/p>\n\n\n\n<ul class=\"wp-block-list\">\n<li>tasse di iscrizione;<\/li>\n\n\n\n<li>quote annuali di Associazione;<\/li>\n\n\n\n<li>proventi per prestazioni di servizi a soci o a terzi;<\/li>\n\n\n\n<li>contributi volontari, lasciti, donazioni;<\/li>\n\n\n\n<li>contributi dell\u2019U.E, dello Stato, delle Regioni, delle Provincie, dei Comuni o di Istituzioni pubbliche e di Enti privati.<\/li>\n<\/ul>\n\n\n\n<p><strong>Art. 17<\/strong> \u2013 Prima del 31 dicembre di ogni anno, il Consiglio Direttivo ha l\u2019obbligo di redigere un rendiconto economico e finanziario, e stabilire inoltre, l\u2019ammontare delle quote di Associazione per l\u2019anno successivo.<\/p>\n\n\n\n<div style=\"height:47px\" aria-hidden=\"true\" class=\"wp-block-spacer\"><\/div>\n\n\n\n<h4 class=\"wp-block-heading has-text-align-center has-small-font-size\">Titolo XI<\/h4>\n\n\n\n<h2 class=\"wp-block-heading has-text-align-center\"><strong>Utili<\/strong><\/h2>\n\n\n\n<p><strong>Art. 18<\/strong> \u2013 L\u2019Associazione ha il divieto di distribuire, anche in modo indiretto, utili o avanzi della gestione, fondi, riserve o capitale dell\u2019Associazione durante la vita dell\u2019Associazione, salvo che la distribuzione non sia prevista dalla Legge.<\/p>\n\n\n\n<div style=\"height:47px\" aria-hidden=\"true\" class=\"wp-block-spacer\"><\/div>\n\n\n\n<h4 class=\"wp-block-heading has-text-align-center has-small-font-size\">Titolo XI<\/h4>\n\n\n\n<h2 class=\"wp-block-heading has-text-align-center\"><strong>Scioglimento e duratatili<\/strong><\/h2>\n\n\n\n<p><strong>Art. 19<\/strong> \u2013 Lo scioglimento dell\u2019Associazione \u00e8 deliberato dall\u2019assemblea generale straordinaria la quale provveder\u00e0 alla nomina di uno o pi\u00f9 liquidatori.<\/p>\n\n\n\n<p><strong>Art. 20<\/strong> \u2013 Per deliberare sullo scioglimento dell\u2019Associazione e sulla devoluzione del patrimonio occorre il voto favorevole di almeno 3\/4 (tre quarti) degli associati.<\/p>\n\n\n\n<p><strong>Art. 21<\/strong> \u2013 L\u2019Associazione ha durata illimitata.<\/p>\n\n\n\n<p><strong>Art. 22<\/strong> \u2013 In caso di scioglimento per qualunque causa, l\u2019Associazione ha l\u2019obbligo di devolvere il patrimonio dell\u2019Associazione ad altra Associazione con finalit\u00e0 analoga o per fini diversamente disposti dalla Legge.<\/p>\n\n\n\n<div style=\"height:47px\" aria-hidden=\"true\" class=\"wp-block-spacer\"><\/div>\n\n\n\n<h4 class=\"wp-block-heading has-text-align-center has-small-font-size\">Titolo XII<\/h4>\n\n\n\n<h2 class=\"wp-block-heading has-text-align-center\"><strong>Modifica dello Statuto<\/strong><\/h2>\n\n\n\n<p><strong>Art. 23<\/strong> \u2013 Il presente statuto potr\u00e0 essere modificato con delibera adottata dalla maggioranza dei soci dell\u2019assemblea dei soci fondatori e ordinari.<\/p>\n\n\n\n<div style=\"height:47px\" aria-hidden=\"true\" class=\"wp-block-spacer\"><\/div>\n\n\n\n<h4 class=\"wp-block-heading has-text-align-center has-small-font-size\">Titolo XIII<\/h4>\n\n\n\n<h2 class=\"wp-block-heading has-text-align-center\"><strong>Rinvio<\/strong><\/h2>\n\n\n\n<p><strong>Art. 24<\/strong> \u2013 Per ci\u00f2 che non \u00e8 espressamente previsto dal presente statuto si fa riferimento al Codice Civile.<\/p>\n\n\n\n<p>F.to Annette Stella Pickford<br>F.to Mario Andrea Ettorre<br>F.to Francesca Ettorre<br>F.to Lorenzo Ettorre<br>F.to Franco Lupo Notaio<\/p>\n\n\n\n<div style=\"height:47px\" aria-hidden=\"true\" class=\"wp-block-spacer\"><\/div>\n","protected":false},"excerpt":{"rendered":"<p>Titolo I Disposizioni generali Art. 1 \u2013 E\u2019 costituita un\u2019Associazione culturale denominata \u201cPaolo ETTORRE \u2013 SOCIALLY CORRECT\u201d.Art. 2 \u2013 L\u2019Associazione ha sede in Roma, attualmente in Via dei Fienaroli n. 8;Potranno essere istituite sedi secondarie in Italia e all\u2019estero. L\u2019eventuale modifica della sede non comporta una modifica dello statuto.Art. 3 \u2013 L\u2019Associazione \u00e8 apolitica e [&hellip;]<\/p>\n","protected":false},"author":1,"featured_media":0,"parent":5,"menu_order":2,"comment_status":"closed","ping_status":"closed","template":"","meta":{"footnotes":""},"class_list":["post-14","page","type-page","status-publish","hentry"],"_links":{"self":[{"href":"https:\/\/www.sociallycorrect.it\/website\/wp-json\/wp\/v2\/pages\/14","targetHints":{"allow":["GET"]}}],"collection":[{"href":"https:\/\/www.sociallycorrect.it\/website\/wp-json\/wp\/v2\/pages"}],"about":[{"href":"https:\/\/www.sociallycorrect.it\/website\/wp-json\/wp\/v2\/types\/page"}],"author":[{"embeddable":true,"href":"https:\/\/www.sociallycorrect.it\/website\/wp-json\/wp\/v2\/users\/1"}],"replies":[{"embeddable":true,"href":"https:\/\/www.sociallycorrect.it\/website\/wp-json\/wp\/v2\/comments?post=14"}],"version-history":[{"count":16,"href":"https:\/\/www.sociallycorrect.it\/website\/wp-json\/wp\/v2\/pages\/14\/revisions"}],"predecessor-version":[{"id":1600,"href":"https:\/\/www.sociallycorrect.it\/website\/wp-json\/wp\/v2\/pages\/14\/revisions\/1600"}],"up":[{"embeddable":true,"href":"https:\/\/www.sociallycorrect.it\/website\/wp-json\/wp\/v2\/pages\/5"}],"wp:attachment":[{"href":"https:\/\/www.sociallycorrect.it\/website\/wp-json\/wp\/v2\/media?parent=14"}],"curies":[{"name":"wp","href":"https:\/\/api.w.org\/{rel}","templated":true}]}}