{"id":187,"date":"2023-12-03T17:07:27","date_gmt":"2023-12-03T17:07:27","guid":{"rendered":"https:\/\/www.sociallycorrect.it\/website\/?page_id=187"},"modified":"2024-02-12T07:38:41","modified_gmt":"2024-02-12T07:38:41","slug":"concorso-2019","status":"publish","type":"page","link":"https:\/\/www.sociallycorrect.it\/website\/concorso-socially-correct\/concorso-2019\/","title":{"rendered":"Concorso Socially Correct 2019"},"content":{"rendered":"\n<div class=\"wp-block-group alignfull has-global-padding is-content-justification-center is-layout-constrained wp-container-core-group-is-layout-733701de wp-block-group-is-layout-constrained\" style=\"margin-top:0;margin-bottom:0;padding-top:var(--wp--preset--spacing--50);padding-right:var(--wp--preset--spacing--50);padding-bottom:var(--wp--preset--spacing--50);padding-left:var(--wp--preset--spacing--50)\">\n<h5 class=\"wp-block-heading has-text-align-center has-contrast-color has-text-color has-link-color wp-elements-5034c1f8a62da5223240330224cf2b05\">CONCORSO SOCIALLY CORRECT 2019<\/h5>\n\n\n\n<h2 class=\"wp-block-heading alignwide has-text-align-center\"><strong><strong><strong><strong><strong>AZZARDOPATIA. <\/strong><\/strong><\/strong><\/strong><\/strong><br><strong><strong><strong><strong><strong>QUANDO IN GIOCO C\u2019\u00c8 LA VITA<\/strong><\/strong><\/strong><\/strong><\/strong><\/h2>\n\n\n\n<div class=\"wp-block-columns alignwide is-layout-flex wp-container-core-columns-is-layout-47c06fe3 wp-block-columns-is-layout-flex\">\n<div class=\"wp-block-column is-vertically-aligned-top is-layout-flow wp-block-column-is-layout-flow\" style=\"flex-basis:50%\">\n<p>Per la realizzazione della 12<sup>a<\/sup>&nbsp;edizione del concorso, l\u2019associazione ha collaborato con la&nbsp;<strong>Direzione Comunicazione e Rapporti Europei ed Internazionali, Direzione Comunicazione del Ministero della Salute<\/strong>&nbsp;su un tema di grande importanza<strong>: il&nbsp;gioco d\u2019azzardo \u2013 un&nbsp;<\/strong>fenomeno in crescita, anche dovuto allo sviluppo delle forme fruibili da internet<strong>.<\/strong><\/p>\n\n\n\n<p>L\u2019obiettivo del concorso era la realizzazione di una campagna di sensibilizzazione e prevenzione volta ad aumentare la percezione dei rischi connessi al gioco d\u2019azzardo che pu\u00f2 diventare una vera e propria patologia, in quanto rende incapaci di resistere all\u2019impulso di giocare o fare scommesse, con ripercussioni anche sulla vita sociale e famigliare.<\/p>\n\n\n\n<div class=\"wp-block-media-text is-stacked-on-mobile has-base-background-color has-background\" style=\"grid-template-columns:40% auto\"><figure class=\"wp-block-media-text__media\"><img loading=\"lazy\" decoding=\"async\" width=\"768\" height=\"505\" src=\"https:\/\/www.sociallycorrect.it\/website\/wp-content\/uploads\/2023\/12\/concorso2019_05-768x505-2.jpg\" alt=\"\" class=\"wp-image-190 size-full\" srcset=\"https:\/\/www.sociallycorrect.it\/website\/wp-content\/uploads\/2023\/12\/concorso2019_05-768x505-2.jpg 768w, https:\/\/www.sociallycorrect.it\/website\/wp-content\/uploads\/2023\/12\/concorso2019_05-768x505-2-300x197.jpg 300w\" sizes=\"auto, (max-width: 768px) 100vw, 768px\" \/><\/figure><div class=\"wp-block-media-text__content\">\n<p class=\"has-small-font-size\"><strong>Alessandro Bongermino<\/strong> &#8211; Art Director<br><strong>Chiara Fasolino<\/strong> &#8211; Copywriter<\/p>\n<\/div><\/div>\n\n\n\n<p>La campagna vincitrice intitolata \u201c<strong>Il gioco d\u2019azzardo pu\u00f2 cancellare tutto quello che ami\u201d,&nbsp;<\/strong>\u00e8 stata ideata dalla coppia creativa&nbsp;<strong>Alessandro Bongermino<\/strong>, Art Director e&nbsp;<strong>Chiara Fasolino<\/strong>, Copywriter, studenti dell\u2019Universit\u00e0 degli Studi di Urbino \u201cCarlo Bo\u201d sotto la guida del loro tutor&nbsp;<strong>Marco Livi (Copywriter),<\/strong>Docente di Creativit\u00e0 Pubblicitaria al corso di laurea magistrale in \u201cComunicazione e Pubblicit\u00e0 per le Organizzazioni\u201d.<\/p>\n\n\n\n<p>La loro campagna che pu\u00f2 coinvolgere pi\u00f9 soggetti in forme diverse, \u00e8 basata sul concetto che il gioco d\u2018azzardo pu\u00f2 portare all\u2019auto-esclusione dai rapporti con i propri cari.<\/p>\n\n\n\n<div class=\"wp-block-buttons is-layout-flex wp-block-buttons-is-layout-flex\">\n<div class=\"wp-block-button is-style-outline is-style-outline--1\"><a class=\"wp-block-button__link has-base-2-color has-custom-colore-1-background-color has-text-color has-background has-link-color wp-element-button\" href=\"https:\/\/www.sociallycorrect.it\/website\/eventi-socially-correct\/premiazione-xii-concorso\/\">PREMIAZIONE XII CONCORSO<\/a><\/div>\n<\/div>\n<\/div>\n\n\n\n<div class=\"wp-block-column is-vertically-aligned-center is-layout-flow wp-block-column-is-layout-flow\" style=\"flex-basis:50%\">\n<figure class=\"wp-block-image aligncenter size-full\"><img loading=\"lazy\" decoding=\"async\" width=\"475\" height=\"672\" src=\"https:\/\/www.sociallycorrect.it\/website\/wp-content\/uploads\/2023\/12\/2019-1-3.jpg\" alt=\"\" class=\"wp-image-207\" srcset=\"https:\/\/www.sociallycorrect.it\/website\/wp-content\/uploads\/2023\/12\/2019-1-3.jpg 475w, https:\/\/www.sociallycorrect.it\/website\/wp-content\/uploads\/2023\/12\/2019-1-3-212x300.jpg 212w\" sizes=\"auto, (max-width: 475px) 100vw, 475px\" \/><\/figure>\n<\/div>\n<\/div>\n\n\n\n<div class=\"wp-block-columns is-layout-flex wp-container-core-columns-is-layout-28f84493 wp-block-columns-is-layout-flex\">\n<div class=\"wp-block-column is-layout-flow wp-block-column-is-layout-flow\"><\/div>\n<\/div>\n<\/div>\n","protected":false},"excerpt":{"rendered":"<p>CONCORSO SOCIALLY CORRECT 2019 AZZARDOPATIA. QUANDO IN GIOCO C\u2019\u00c8 LA VITA Per la realizzazione della 12a&nbsp;edizione del concorso, l\u2019associazione ha collaborato con la&nbsp;Direzione Comunicazione e Rapporti Europei ed Internazionali, Direzione Comunicazione del Ministero della Salute&nbsp;su un tema di grande importanza: il&nbsp;gioco d\u2019azzardo \u2013 un&nbsp;fenomeno in crescita, anche dovuto allo sviluppo delle forme fruibili da internet. [&hellip;]<\/p>\n","protected":false},"author":1,"featured_media":0,"parent":143,"menu_order":0,"comment_status":"closed","ping_status":"closed","template":"","meta":{"footnotes":""},"class_list":["post-187","page","type-page","status-publish","hentry"],"_links":{"self":[{"href":"https:\/\/www.sociallycorrect.it\/website\/wp-json\/wp\/v2\/pages\/187","targetHints":{"allow":["GET"]}}],"collection":[{"href":"https:\/\/www.sociallycorrect.it\/website\/wp-json\/wp\/v2\/pages"}],"about":[{"href":"https:\/\/www.sociallycorrect.it\/website\/wp-json\/wp\/v2\/types\/page"}],"author":[{"embeddable":true,"href":"https:\/\/www.sociallycorrect.it\/website\/wp-json\/wp\/v2\/users\/1"}],"replies":[{"embeddable":true,"href":"https:\/\/www.sociallycorrect.it\/website\/wp-json\/wp\/v2\/comments?post=187"}],"version-history":[{"count":9,"href":"https:\/\/www.sociallycorrect.it\/website\/wp-json\/wp\/v2\/pages\/187\/revisions"}],"predecessor-version":[{"id":1667,"href":"https:\/\/www.sociallycorrect.it\/website\/wp-json\/wp\/v2\/pages\/187\/revisions\/1667"}],"up":[{"embeddable":true,"href":"https:\/\/www.sociallycorrect.it\/website\/wp-json\/wp\/v2\/pages\/143"}],"wp:attachment":[{"href":"https:\/\/www.sociallycorrect.it\/website\/wp-json\/wp\/v2\/media?parent=187"}],"curies":[{"name":"wp","href":"https:\/\/api.w.org\/{rel}","templated":true}]}}