{"id":9,"date":"2023-03-14T08:09:16","date_gmt":"2023-03-14T08:09:16","guid":{"rendered":"https:\/\/www.sociallycorrect.it\/website\/?page_id=9"},"modified":"2023-12-12T21:39:16","modified_gmt":"2023-12-12T21:39:16","slug":"paolo-ettorre","status":"publish","type":"page","link":"https:\/\/www.sociallycorrect.it\/website\/chi-siamo\/paolo-ettorre\/","title":{"rendered":"Paolo Ettorre"},"content":{"rendered":"\n<div style=\"height:100px\" aria-hidden=\"true\" class=\"wp-block-spacer\"><\/div>\n\n\n\n<h6 class=\"wp-block-heading has-contrast-color has-text-color has-link-color wp-elements-7ba6ae5f8289865abfbd1f5d274605f8\">PAOLO ETTORRE<\/h6>\n\n\n\n<h2 class=\"wp-block-heading\">Taranto, 5 settembre 1946 &#8211; Roma, 20 gennaio 2007<\/h2>\n\n\n\n<p>E&#8217; stato un pubblicitario, CEO della Saatchi &amp; Saatchi dal 1993 e figura di riferimento nel mondo della comunicazione italiano.<\/p>\n\n\n\n<div class=\"wp-block-media-text is-stacked-on-mobile\" style=\"grid-template-columns:30% auto\"><figure class=\"wp-block-media-text__media\"><img loading=\"lazy\" decoding=\"async\" width=\"237\" height=\"184\" src=\"https:\/\/www.sociallycorrect.it\/website\/wp-content\/uploads\/2023\/03\/th_2804203ebf98a48bb8dd709662f9b24d_1260885945biografia.jpg\" alt=\"\" class=\"wp-image-22 size-full\"\/><\/figure><div class=\"wp-block-media-text__content\">\n<p>Dopo la maturit\u00e0 classica, trascorre un anno negli Stati Uniti, ad Angleton, vicino a Houston, Texas dove consegue il diploma della Scuola Superiore. Si laurea in Giurisprudenza presso l&#8217;Ateneo di Firenze nel 1970 e successivamente presta servizio militare da sottotenente di complemento in Esercito, come carrista\/bersagliere.<\/p>\n<\/div><\/div>\n\n\n\n<p>Nel 1972 frequenta uno Studio di Diritto Internazionale a Londra. Nel 1973 decide di lasciare la professione legale per trasferirsi a Roma ed iniziare la sua attivit\u00e0 di pubblicitario, nel reparto marketing della Saatchi &amp; Saatchi. In Saatchi &amp; Saatchi percorre tutte le tappe della sua carriera. Nel 1978 si trasferisce nella sede di New York per lavorare sul pi\u00f9 importante Cliente dell&#8217;Agenzia, Procter &amp; Gamble. Al ritorno dal periodo di lavoro negli Stati Uniti diventa prima Direttore Generale nel 1985 e, successivamente, nel 1993 Presidente ed Amministratore Delegato, della sede italiana.<\/p>\n\n\n\n<p>Viene nominato Chairman Europeo per un mandato biennale nel 2002, la pi\u00f9 alta carica mai ricoperta da un pubblicitario italiano all&#8217;interno di un network internazionale.<\/p>\n\n\n\n<p>Nel corso della sua pi\u00f9 che trentennale carriera, presta la sua consulenza per alcune delle pi\u00f9 importanti societ\u00e0 multinazionali come Procter &amp; Gamble, Johnson &amp; Johnson, British Airways, IBM, Renault, Pfizer, Avis, e nazionali come Enel, Autostrade, Poste Italiane, Telecom, Tim, Alitalia, Bulgari, Monopoli di Stato, Mondadori, Finmeccanica, Banca di Roma, per la quale vince il prestigioso premio del Leone d&#8217;Oro a Cannes come migliore spot, per la regia di Federico Fellini. Dal 1990 segue la comunicazione della Conferenza Episcopale Italiana per la campagna sull&#8217;8 per mille, e impegna l&#8217;Agenzia nell&#8217;area della comunicazione sociale, sempre a titolo gratuito, e per tantissime realt\u00e0 del settore, da S. Egidio al WWF, da Greenpeace a Medici Senza Frontiere, all&#8217;Unicef.<\/p>\n\n\n\n<div style=\"height:100px\" aria-hidden=\"true\" class=\"wp-block-spacer\"><\/div>\n\n\n\n<div class=\"wp-block-group alignfull has-base-color has-custom-colore-1-background-color has-text-color has-background has-global-padding is-layout-constrained wp-container-core-group-is-layout-ef3d885c wp-block-group-is-layout-constrained\" style=\"margin-top:0;margin-bottom:0;padding-top:var(--wp--preset--spacing--60);padding-right:var(--wp--preset--spacing--60);padding-bottom:var(--wp--preset--spacing--60);padding-left:var(--wp--preset--spacing--60)\">\n<div class=\"wp-block-group alignwide has-global-padding is-layout-constrained wp-block-group-is-layout-constrained\">\n<p class=\"has-text-align-center has-base-color has-text-color has-heading-font-family has-x-large-font-size\" style=\"line-height:1.2\">Un&#8217;idea che poteva nascere solo da un uomo<\/p>\n\n\n\n<div class=\"wp-block-group alignwide is-vertical is-content-justification-center is-nowrap is-layout-flex wp-container-core-group-is-layout-19cbf4af wp-block-group-is-layout-flex\">\n<figure class=\"wp-block-image aligncenter size-medium is-resized has-custom-border\"><img loading=\"lazy\" decoding=\"async\" width=\"176\" height=\"300\" src=\"https:\/\/www.sociallycorrect.it\/website\/wp-content\/uploads\/2023\/12\/SociallyCorrect-logo-3-176x300.png\" alt=\"\" class=\"wp-image-598\" style=\"border-radius:0px;object-fit:cover;width:53px;height:auto\" srcset=\"https:\/\/www.sociallycorrect.it\/website\/wp-content\/uploads\/2023\/12\/SociallyCorrect-logo-3-176x300.png 176w, https:\/\/www.sociallycorrect.it\/website\/wp-content\/uploads\/2023\/12\/SociallyCorrect-logo-3.png 460w\" sizes=\"auto, (max-width: 176px) 100vw, 176px\" \/><\/figure>\n\n\n\n<p class=\"has-text-align-center has-small-font-size\" style=\"margin-top:var(--wp--preset--spacing--10);margin-bottom:0\"><strong>PAOLO ETTORRE<\/strong><\/p>\n\n\n\n<p class=\"has-text-align-center has-contrast-3-color has-text-color has-small-font-size\" style=\"font-style:normal;font-weight:300\">Socially Correct<\/p>\n<\/div>\n<\/div>\n<\/div>\n","protected":false},"excerpt":{"rendered":"<p>PAOLO ETTORRE Taranto, 5 settembre 1946 &#8211; Roma, 20 gennaio 2007 E&#8217; stato un pubblicitario, CEO della Saatchi &amp; Saatchi dal 1993 e figura di riferimento nel mondo della comunicazione italiano. Dopo la maturit\u00e0 classica, trascorre un anno negli Stati Uniti, ad Angleton, vicino a Houston, Texas dove consegue il diploma della Scuola Superiore. Si [&hellip;]<\/p>\n","protected":false},"author":1,"featured_media":0,"parent":5,"menu_order":0,"comment_status":"closed","ping_status":"closed","template":"","meta":{"footnotes":""},"class_list":["post-9","page","type-page","status-publish","hentry"],"_links":{"self":[{"href":"https:\/\/www.sociallycorrect.it\/website\/wp-json\/wp\/v2\/pages\/9","targetHints":{"allow":["GET"]}}],"collection":[{"href":"https:\/\/www.sociallycorrect.it\/website\/wp-json\/wp\/v2\/pages"}],"about":[{"href":"https:\/\/www.sociallycorrect.it\/website\/wp-json\/wp\/v2\/types\/page"}],"author":[{"embeddable":true,"href":"https:\/\/www.sociallycorrect.it\/website\/wp-json\/wp\/v2\/users\/1"}],"replies":[{"embeddable":true,"href":"https:\/\/www.sociallycorrect.it\/website\/wp-json\/wp\/v2\/comments?post=9"}],"version-history":[{"count":7,"href":"https:\/\/www.sociallycorrect.it\/website\/wp-json\/wp\/v2\/pages\/9\/revisions"}],"predecessor-version":[{"id":768,"href":"https:\/\/www.sociallycorrect.it\/website\/wp-json\/wp\/v2\/pages\/9\/revisions\/768"}],"up":[{"embeddable":true,"href":"https:\/\/www.sociallycorrect.it\/website\/wp-json\/wp\/v2\/pages\/5"}],"wp:attachment":[{"href":"https:\/\/www.sociallycorrect.it\/website\/wp-json\/wp\/v2\/media?parent=9"}],"curies":[{"name":"wp","href":"https:\/\/api.w.org\/{rel}","templated":true}]}}